{"id":245,"date":"2022-04-17T19:43:56","date_gmt":"2022-04-17T19:43:56","guid":{"rendered":"https:\/\/devidion.hu\/?page_id=245"},"modified":"2022-04-17T21:02:29","modified_gmt":"2022-04-17T21:02:29","slug":"referenciak-2","status":"publish","type":"page","link":"https:\/\/devidion.hu\/index.php\/referenciak-2\/","title":{"rendered":"Referenci\u00e1k"},"content":{"rendered":"\n<blockquote class=\"wp-block-quote\"><p><strong>Alf\u00f6ld Telev\u00edzi\u00f3<\/strong><\/p><p><strong>Aquaticum Debrecen Therm\u00e1l&amp;Wellness Hotel<\/strong><\/p><p><strong>Hortob\u00e1gy K\u00f6zs\u00e9g \u00d6nkorm\u00e1nyzata<\/strong><\/p><p><strong>SENSIRION Hungary Kft. <\/strong><\/p><p><strong>B\u00dcRKLE Hungary Kft. <\/strong><\/p><p><strong>Debreceni Egyetem<\/strong><\/p><p><strong>Pharmapolis Innovat\u00edv \u00c9lelmiszeripari Klaszter<\/strong><\/p><p><strong>Zolend Kft. <\/strong><\/p><p><strong>XANGA Investment &amp; Development Group<\/strong><\/p><\/blockquote>\n","protected":false},"excerpt":{"rendered":"<p>Alf\u00f6ld Telev\u00edzi\u00f3 Aquaticum Debrecen Therm\u00e1l&amp;Wellness Hotel Hortob\u00e1gy K\u00f6zs\u00e9g \u00d6nkorm\u00e1nyzata SENSIRION Hungary Kft. B\u00dcRKLE Hungary Kft. Debreceni Egyetem Pharmapolis Innovat\u00edv \u00c9lelmiszeripari Klaszter Zolend Kft. XANGA Investment &amp; Development Group<\/p>\n","protected":false},"author":1,"featured_media":0,"parent":0,"menu_order":0,"comment_status":"closed","ping_status":"closed","template":"","meta":[],"_links":{"self":[{"href":"https:\/\/devidion.hu\/index.php\/wp-json\/wp\/v2\/pages\/245"}],"collection":[{"href":"https:\/\/devidion.hu\/index.php\/wp-json\/wp\/v2\/pages"}],"about":[{"href":"https:\/\/devidion.hu\/index.php\/wp-json\/wp\/v2\/types\/page"}],"author":[{"embeddable":true,"href":"https:\/\/devidion.hu\/index.php\/wp-json\/wp\/v2\/users\/1"}],"replies":[{"embeddable":true,"href":"https:\/\/devidion.hu\/index.php\/wp-json\/wp\/v2\/comments?post=245"}],"version-history":[{"count":3,"href":"https:\/\/devidion.hu\/index.php\/wp-json\/wp\/v2\/pages\/245\/revisions"}],"predecessor-version":[{"id":265,"href":"https:\/\/devidion.hu\/index.php\/wp-json\/wp\/v2\/pages\/245\/revisions\/265"}],"wp:attachment":[{"href":"https:\/\/devidion.hu\/index.php\/wp-json\/wp\/v2\/media?parent=245"}],"curies":[{"name":"wp","href":"https:\/\/api.w.org\/{rel}","templated":true}]}}