{"id":2,"date":"2022-01-13T06:52:36","date_gmt":"2022-01-13T06:52:36","guid":{"rendered":"http:\/\/devidion.hu\/?page_id=2"},"modified":"2022-04-17T21:20:18","modified_gmt":"2022-04-17T21:20:18","slug":"sample-page","status":"publish","type":"page","link":"https:\/\/devidion.hu\/","title":{"rendered":"Devidion rendezv\u00e9nyszervez\u00e9s"},"content":{"rendered":"\n<p class=\"has-text-align-left has-text-color has-medium-font-size\" style=\"color:#2c8059\"><\/p>\n\n\n\n<p><\/p>\n\n\n\n<p class=\"has-text-align-center has-text-color has-medium-font-size\" style=\"color:#1a4d6b\"><strong>Alapk\u0151let\u00e9tel, bokr\u00e9taavat\u00f3 <\/strong><\/p>\n\n\n\n<p class=\"has-text-align-center has-text-color has-medium-font-size\" style=\"color:#1a4d6b\"><strong>Projektnyit\u00f3 \u00e9s projektz\u00e1r\u00f3 esem\u00e9nyek szervez\u00e9se<\/strong><\/p>\n\n\n\n<p class=\"has-text-align-center has-text-color has-medium-font-size\" style=\"color:#1a4d6b\"><strong>Gy\u00e1ravat\u00f3 \u00fcnneps\u00e9gek<\/strong><\/p>\n\n\n\n<p class=\"has-text-align-center has-text-color has-medium-font-size\" style=\"color:#1a4d6b\"><strong>V\u00e1llalati \u00fcnneps\u00e9gek<\/strong> <\/p>\n\n\n\n<p class=\"has-text-align-center has-text-color has-medium-font-size\" style=\"color:#1a4d6b\"><strong>\u00dczleti tal\u00e1lkoz\u00f3k<\/strong><\/p>\n\n\n\n<p class=\"has-text-align-center\"><\/p>\n\n\n\n<p><\/p>\n","protected":false},"excerpt":{"rendered":"<p>Alapk\u0151let\u00e9tel, bokr\u00e9taavat\u00f3 Projektnyit\u00f3 \u00e9s projektz\u00e1r\u00f3 esem\u00e9nyek szervez\u00e9se Gy\u00e1ravat\u00f3 \u00fcnneps\u00e9gek V\u00e1llalati \u00fcnneps\u00e9gek \u00dczleti tal\u00e1lkoz\u00f3k<\/p>\n","protected":false},"author":1,"featured_media":0,"parent":0,"menu_order":0,"comment_status":"closed","ping_status":"open","template":"","meta":[],"_links":{"self":[{"href":"https:\/\/devidion.hu\/index.php\/wp-json\/wp\/v2\/pages\/2"}],"collection":[{"href":"https:\/\/devidion.hu\/index.php\/wp-json\/wp\/v2\/pages"}],"about":[{"href":"https:\/\/devidion.hu\/index.php\/wp-json\/wp\/v2\/types\/page"}],"author":[{"embeddable":true,"href":"https:\/\/devidion.hu\/index.php\/wp-json\/wp\/v2\/users\/1"}],"replies":[{"embeddable":true,"href":"https:\/\/devidion.hu\/index.php\/wp-json\/wp\/v2\/comments?post=2"}],"version-history":[{"count":8,"href":"https:\/\/devidion.hu\/index.php\/wp-json\/wp\/v2\/pages\/2\/revisions"}],"predecessor-version":[{"id":270,"href":"https:\/\/devidion.hu\/index.php\/wp-json\/wp\/v2\/pages\/2\/revisions\/270"}],"wp:attachment":[{"href":"https:\/\/devidion.hu\/index.php\/wp-json\/wp\/v2\/media?parent=2"}],"curies":[{"name":"wp","href":"https:\/\/api.w.org\/{rel}","templated":true}]}}