{"id":119,"date":"2022-04-17T08:43:57","date_gmt":"2022-04-17T08:43:57","guid":{"rendered":"https:\/\/devidion.hu\/?page_id=119"},"modified":"2022-04-17T18:17:53","modified_gmt":"2022-04-17T18:17:53","slug":"eloadasok-konyvbemutatok","status":"publish","type":"page","link":"https:\/\/devidion.hu\/index.php\/sample-page\/eloadasok-konyvbemutatok\/","title":{"rendered":"El\u0151ad\u00e1sok, k\u00f6nyvbemutat\u00f3k szervez\u00e9se"},"content":{"rendered":"\n<figure class=\"wp-block-image size-large is-style-default\"><img loading=\"lazy\" width=\"1024\" height=\"658\" src=\"https:\/\/devidion.hu\/wp-content\/uploads\/2022\/04\/pila\u0301t-aquaticum-1024x658.png\" alt=\"\" class=\"wp-image-136\" srcset=\"https:\/\/devidion.hu\/wp-content\/uploads\/2022\/04\/pila\u0301t-aquaticum-1024x658.png 1024w, https:\/\/devidion.hu\/wp-content\/uploads\/2022\/04\/pila\u0301t-aquaticum-300x193.png 300w, https:\/\/devidion.hu\/wp-content\/uploads\/2022\/04\/pila\u0301t-aquaticum-768x494.png 768w, https:\/\/devidion.hu\/wp-content\/uploads\/2022\/04\/pila\u0301t-aquaticum-1536x987.png 1536w, https:\/\/devidion.hu\/wp-content\/uploads\/2022\/04\/pila\u0301t-aquaticum-2048x1317.png 2048w\" sizes=\"(max-width: 1024px) 100vw, 1024px\" \/><\/figure>\n\n\n\n<figure class=\"wp-block-image size-large\"><img loading=\"lazy\" width=\"1024\" height=\"621\" src=\"https:\/\/devidion.hu\/wp-content\/uploads\/2022\/04\/devidion_fenyo_ivan_final_final_2-1024x621.jpg\" alt=\"\" class=\"wp-image-134\" srcset=\"https:\/\/devidion.hu\/wp-content\/uploads\/2022\/04\/devidion_fenyo_ivan_final_final_2-1024x621.jpg 1024w, https:\/\/devidion.hu\/wp-content\/uploads\/2022\/04\/devidion_fenyo_ivan_final_final_2-300x182.jpg 300w, https:\/\/devidion.hu\/wp-content\/uploads\/2022\/04\/devidion_fenyo_ivan_final_final_2-768x466.jpg 768w, https:\/\/devidion.hu\/wp-content\/uploads\/2022\/04\/devidion_fenyo_ivan_final_final_2-1536x931.jpg 1536w, https:\/\/devidion.hu\/wp-content\/uploads\/2022\/04\/devidion_fenyo_ivan_final_final_2.jpg 1781w\" sizes=\"(max-width: 1024px) 100vw, 1024px\" \/><\/figure>\n\n\n\n<figure class=\"wp-block-image size-large\"><img loading=\"lazy\" width=\"1024\" height=\"576\" src=\"https:\/\/devidion.hu\/wp-content\/uploads\/2022\/04\/su\u0308to\u030b-eniko\u030b_v2-2-1024x576.jpg\" alt=\"\" class=\"wp-image-135\" srcset=\"https:\/\/devidion.hu\/wp-content\/uploads\/2022\/04\/su\u0308to\u030b-eniko\u030b_v2-2-1024x576.jpg 1024w, https:\/\/devidion.hu\/wp-content\/uploads\/2022\/04\/su\u0308to\u030b-eniko\u030b_v2-2-300x169.jpg 300w, https:\/\/devidion.hu\/wp-content\/uploads\/2022\/04\/su\u0308to\u030b-eniko\u030b_v2-2-768x432.jpg 768w, https:\/\/devidion.hu\/wp-content\/uploads\/2022\/04\/su\u0308to\u030b-eniko\u030b_v2-2-1536x864.jpg 1536w, https:\/\/devidion.hu\/wp-content\/uploads\/2022\/04\/su\u0308to\u030b-eniko\u030b_v2-2.jpg 1920w\" sizes=\"(max-width: 1024px) 100vw, 1024px\" \/><\/figure>\n\n\n\n<figure class=\"wp-block-image size-large\"><img loading=\"lazy\" width=\"1024\" height=\"621\" src=\"https:\/\/devidion.hu\/wp-content\/uploads\/2022\/04\/majka2-4-1024x621.jpg\" alt=\"\" class=\"wp-image-137\" srcset=\"https:\/\/devidion.hu\/wp-content\/uploads\/2022\/04\/majka2-4-1024x621.jpg 1024w, https:\/\/devidion.hu\/wp-content\/uploads\/2022\/04\/majka2-4-300x182.jpg 300w, https:\/\/devidion.hu\/wp-content\/uploads\/2022\/04\/majka2-4-768x466.jpg 768w, https:\/\/devidion.hu\/wp-content\/uploads\/2022\/04\/majka2-4-1536x931.jpg 1536w, https:\/\/devidion.hu\/wp-content\/uploads\/2022\/04\/majka2-4.jpg 1781w\" sizes=\"(max-width: 1024px) 100vw, 1024px\" \/><\/figure>\n\n\n\n<figure class=\"wp-block-image size-large\"><img loading=\"lazy\" width=\"1024\" height=\"621\" src=\"https:\/\/devidion.hu\/wp-content\/uploads\/2022\/04\/papai_joci2-2.jpg-aquaticum-1024x621.jpg\" alt=\"\" class=\"wp-image-138\" srcset=\"https:\/\/devidion.hu\/wp-content\/uploads\/2022\/04\/papai_joci2-2.jpg-aquaticum-1024x621.jpg 1024w, https:\/\/devidion.hu\/wp-content\/uploads\/2022\/04\/papai_joci2-2.jpg-aquaticum-300x182.jpg 300w, https:\/\/devidion.hu\/wp-content\/uploads\/2022\/04\/papai_joci2-2.jpg-aquaticum-768x466.jpg 768w, https:\/\/devidion.hu\/wp-content\/uploads\/2022\/04\/papai_joci2-2.jpg-aquaticum-1536x931.jpg 1536w, https:\/\/devidion.hu\/wp-content\/uploads\/2022\/04\/papai_joci2-2.jpg-aquaticum.jpg 1781w\" sizes=\"(max-width: 1024px) 100vw, 1024px\" \/><\/figure>\n\n\n\n<figure class=\"wp-block-image size-full\"><img loading=\"lazy\" width=\"960\" height=\"641\" src=\"https:\/\/devidion.hu\/wp-content\/uploads\/2022\/04\/Soma-Mamage\u0301sa-plaka\u0301t.png\" alt=\"\" class=\"wp-image-140\" srcset=\"https:\/\/devidion.hu\/wp-content\/uploads\/2022\/04\/Soma-Mamage\u0301sa-plaka\u0301t.png 960w, https:\/\/devidion.hu\/wp-content\/uploads\/2022\/04\/Soma-Mamage\u0301sa-plaka\u0301t-300x200.png 300w, https:\/\/devidion.hu\/wp-content\/uploads\/2022\/04\/Soma-Mamage\u0301sa-plaka\u0301t-768x513.png 768w\" sizes=\"(max-width: 960px) 100vw, 960px\" \/><\/figure>\n\n\n\n<figure class=\"wp-block-image size-large\"><img loading=\"lazy\" width=\"1024\" height=\"697\" src=\"https:\/\/devidion.hu\/wp-content\/uploads\/2022\/04\/Hajdu-devidion-1024x697.jpg\" alt=\"\" class=\"wp-image-204\" srcset=\"https:\/\/devidion.hu\/wp-content\/uploads\/2022\/04\/Hajdu-devidion-1024x697.jpg 1024w, https:\/\/devidion.hu\/wp-content\/uploads\/2022\/04\/Hajdu-devidion-300x204.jpg 300w, https:\/\/devidion.hu\/wp-content\/uploads\/2022\/04\/Hajdu-devidion-768x523.jpg 768w, https:\/\/devidion.hu\/wp-content\/uploads\/2022\/04\/Hajdu-devidion-1536x1046.jpg 1536w, https:\/\/devidion.hu\/wp-content\/uploads\/2022\/04\/Hajdu-devidion-2048x1395.jpg 2048w\" sizes=\"(max-width: 1024px) 100vw, 1024px\" \/><\/figure>\n\n\n\n<figure class=\"wp-block-image size-large\"><img loading=\"lazy\" width=\"1024\" height=\"622\" src=\"https:\/\/devidion.hu\/wp-content\/uploads\/2022\/04\/ka\u0301nya-kata-plaka\u0301t-1-1024x622.jpg\" alt=\"\" class=\"wp-image-205\" srcset=\"https:\/\/devidion.hu\/wp-content\/uploads\/2022\/04\/ka\u0301nya-kata-plaka\u0301t-1-1024x622.jpg 1024w, https:\/\/devidion.hu\/wp-content\/uploads\/2022\/04\/ka\u0301nya-kata-plaka\u0301t-1-300x182.jpg 300w, https:\/\/devidion.hu\/wp-content\/uploads\/2022\/04\/ka\u0301nya-kata-plaka\u0301t-1-768x466.jpg 768w, https:\/\/devidion.hu\/wp-content\/uploads\/2022\/04\/ka\u0301nya-kata-plaka\u0301t-1.jpg 1138w\" sizes=\"(max-width: 1024px) 100vw, 1024px\" \/><\/figure>\n","protected":false},"excerpt":{"rendered":"","protected":false},"author":1,"featured_media":0,"parent":2,"menu_order":0,"comment_status":"closed","ping_status":"closed","template":"","meta":[],"_links":{"self":[{"href":"https:\/\/devidion.hu\/index.php\/wp-json\/wp\/v2\/pages\/119"}],"collection":[{"href":"https:\/\/devidion.hu\/index.php\/wp-json\/wp\/v2\/pages"}],"about":[{"href":"https:\/\/devidion.hu\/index.php\/wp-json\/wp\/v2\/types\/page"}],"author":[{"embeddable":true,"href":"https:\/\/devidion.hu\/index.php\/wp-json\/wp\/v2\/users\/1"}],"replies":[{"embeddable":true,"href":"https:\/\/devidion.hu\/index.php\/wp-json\/wp\/v2\/comments?post=119"}],"version-history":[{"count":5,"href":"https:\/\/devidion.hu\/index.php\/wp-json\/wp\/v2\/pages\/119\/revisions"}],"predecessor-version":[{"id":206,"href":"https:\/\/devidion.hu\/index.php\/wp-json\/wp\/v2\/pages\/119\/revisions\/206"}],"up":[{"embeddable":true,"href":"https:\/\/devidion.hu\/index.php\/wp-json\/wp\/v2\/pages\/2"}],"wp:attachment":[{"href":"https:\/\/devidion.hu\/index.php\/wp-json\/wp\/v2\/media?parent=119"}],"curies":[{"name":"wp","href":"https:\/\/api.w.org\/{rel}","templated":true}]}}