{"id":118,"date":"2022-04-17T08:43:57","date_gmt":"2022-04-17T08:43:57","guid":{"rendered":"https:\/\/devidion.hu\/?page_id=118"},"modified":"2022-04-18T10:54:28","modified_gmt":"2022-04-18T10:54:28","slug":"projekt-esemenyek","status":"publish","type":"page","link":"https:\/\/devidion.hu\/index.php\/projekt-esemenyek\/","title":{"rendered":"Projekt esem\u00e9nyek (Projektnyit\u00f3, Projektz\u00e1r\u00f3 konferenci\u00e1k, workshopok)"},"content":{"rendered":"\n<figure class=\"wp-block-image size-large\"><img loading=\"lazy\" width=\"1024\" height=\"683\" src=\"https:\/\/devidion.hu\/wp-content\/uploads\/2022\/04\/projektnyito\u0301-referencia-1-1024x683.jpg\" alt=\"\" class=\"wp-image-181\" srcset=\"https:\/\/devidion.hu\/wp-content\/uploads\/2022\/04\/projektnyito\u0301-referencia-1-1024x683.jpg 1024w, https:\/\/devidion.hu\/wp-content\/uploads\/2022\/04\/projektnyito\u0301-referencia-1-300x200.jpg 300w, https:\/\/devidion.hu\/wp-content\/uploads\/2022\/04\/projektnyito\u0301-referencia-1-768x512.jpg 768w, https:\/\/devidion.hu\/wp-content\/uploads\/2022\/04\/projektnyito\u0301-referencia-1-1536x1024.jpg 1536w, https:\/\/devidion.hu\/wp-content\/uploads\/2022\/04\/projektnyito\u0301-referencia-1-2048x1365.jpg 2048w\" sizes=\"(max-width: 1024px) 100vw, 1024px\" \/><\/figure>\n\n\n\n<figure class=\"wp-block-image size-large\"><img loading=\"lazy\" width=\"1024\" height=\"683\" src=\"https:\/\/devidion.hu\/wp-content\/uploads\/2022\/04\/projekt-referencia-1024x683.jpg\" alt=\"\" class=\"wp-image-182\" srcset=\"https:\/\/devidion.hu\/wp-content\/uploads\/2022\/04\/projekt-referencia-1024x683.jpg 1024w, https:\/\/devidion.hu\/wp-content\/uploads\/2022\/04\/projekt-referencia-300x200.jpg 300w, https:\/\/devidion.hu\/wp-content\/uploads\/2022\/04\/projekt-referencia-768x512.jpg 768w, https:\/\/devidion.hu\/wp-content\/uploads\/2022\/04\/projekt-referencia-1536x1024.jpg 1536w, https:\/\/devidion.hu\/wp-content\/uploads\/2022\/04\/projekt-referencia.jpg 1771w\" sizes=\"(max-width: 1024px) 100vw, 1024px\" \/><\/figure>\n\n\n\n<figure class=\"wp-block-image size-large\"><img loading=\"lazy\" width=\"683\" height=\"1024\" src=\"https:\/\/devidion.hu\/wp-content\/uploads\/2022\/04\/Debreceni-Egyetem-referencia-683x1024.jpg\" alt=\"\" class=\"wp-image-191\" srcset=\"https:\/\/devidion.hu\/wp-content\/uploads\/2022\/04\/Debreceni-Egyetem-referencia-683x1024.jpg 683w, https:\/\/devidion.hu\/wp-content\/uploads\/2022\/04\/Debreceni-Egyetem-referencia-200x300.jpg 200w, https:\/\/devidion.hu\/wp-content\/uploads\/2022\/04\/Debreceni-Egyetem-referencia-768x1152.jpg 768w, https:\/\/devidion.hu\/wp-content\/uploads\/2022\/04\/Debreceni-Egyetem-referencia-1024x1536.jpg 1024w, https:\/\/devidion.hu\/wp-content\/uploads\/2022\/04\/Debreceni-Egyetem-referencia-1365x2048.jpg 1365w, https:\/\/devidion.hu\/wp-content\/uploads\/2022\/04\/Debreceni-Egyetem-referencia-scaled.jpg 1707w\" sizes=\"(max-width: 683px) 100vw, 683px\" \/><\/figure>\n\n\n\n<figure class=\"wp-block-image size-large\"><img loading=\"lazy\" width=\"1024\" height=\"683\" src=\"https:\/\/devidion.hu\/wp-content\/uploads\/2022\/04\/rendezve\u0301ny-e\u0301tel-foto\u0301-1024x683.jpg\" alt=\"\" class=\"wp-image-195\" srcset=\"https:\/\/devidion.hu\/wp-content\/uploads\/2022\/04\/rendezve\u0301ny-e\u0301tel-foto\u0301-1024x683.jpg 1024w, https:\/\/devidion.hu\/wp-content\/uploads\/2022\/04\/rendezve\u0301ny-e\u0301tel-foto\u0301-300x200.jpg 300w, https:\/\/devidion.hu\/wp-content\/uploads\/2022\/04\/rendezve\u0301ny-e\u0301tel-foto\u0301-768x512.jpg 768w, https:\/\/devidion.hu\/wp-content\/uploads\/2022\/04\/rendezve\u0301ny-e\u0301tel-foto\u0301-1536x1024.jpg 1536w, https:\/\/devidion.hu\/wp-content\/uploads\/2022\/04\/rendezve\u0301ny-e\u0301tel-foto\u0301-2048x1365.jpg 2048w\" sizes=\"(max-width: 1024px) 100vw, 1024px\" \/><\/figure>\n\n\n\n<figure class=\"wp-block-image size-large\"><img loading=\"lazy\" width=\"1024\" height=\"683\" src=\"https:\/\/devidion.hu\/wp-content\/uploads\/2022\/04\/paradicsom-IE\u0301K-konf-1024x683.jpg\" alt=\"\" class=\"wp-image-196\" srcset=\"https:\/\/devidion.hu\/wp-content\/uploads\/2022\/04\/paradicsom-IE\u0301K-konf-1024x683.jpg 1024w, https:\/\/devidion.hu\/wp-content\/uploads\/2022\/04\/paradicsom-IE\u0301K-konf-300x200.jpg 300w, https:\/\/devidion.hu\/wp-content\/uploads\/2022\/04\/paradicsom-IE\u0301K-konf-768x512.jpg 768w, https:\/\/devidion.hu\/wp-content\/uploads\/2022\/04\/paradicsom-IE\u0301K-konf-1536x1024.jpg 1536w, https:\/\/devidion.hu\/wp-content\/uploads\/2022\/04\/paradicsom-IE\u0301K-konf-2048x1365.jpg 2048w\" sizes=\"(max-width: 1024px) 100vw, 1024px\" \/><\/figure>\n\n\n\n<figure class=\"wp-block-image size-large\"><img loading=\"lazy\" width=\"1024\" height=\"683\" src=\"https:\/\/devidion.hu\/wp-content\/uploads\/2022\/04\/mikrofon--1024x683.jpg\" alt=\"\" class=\"wp-image-197\" srcset=\"https:\/\/devidion.hu\/wp-content\/uploads\/2022\/04\/mikrofon--1024x683.jpg 1024w, https:\/\/devidion.hu\/wp-content\/uploads\/2022\/04\/mikrofon--300x200.jpg 300w, https:\/\/devidion.hu\/wp-content\/uploads\/2022\/04\/mikrofon--768x512.jpg 768w, https:\/\/devidion.hu\/wp-content\/uploads\/2022\/04\/mikrofon--1536x1024.jpg 1536w, https:\/\/devidion.hu\/wp-content\/uploads\/2022\/04\/mikrofon--2048x1365.jpg 2048w\" sizes=\"(max-width: 1024px) 100vw, 1024px\" \/><\/figure>\n","protected":false},"excerpt":{"rendered":"","protected":false},"author":1,"featured_media":0,"parent":0,"menu_order":0,"comment_status":"closed","ping_status":"closed","template":"","meta":[],"_links":{"self":[{"href":"https:\/\/devidion.hu\/index.php\/wp-json\/wp\/v2\/pages\/118"}],"collection":[{"href":"https:\/\/devidion.hu\/index.php\/wp-json\/wp\/v2\/pages"}],"about":[{"href":"https:\/\/devidion.hu\/index.php\/wp-json\/wp\/v2\/types\/page"}],"author":[{"embeddable":true,"href":"https:\/\/devidion.hu\/index.php\/wp-json\/wp\/v2\/users\/1"}],"replies":[{"embeddable":true,"href":"https:\/\/devidion.hu\/index.php\/wp-json\/wp\/v2\/comments?post=118"}],"version-history":[{"count":6,"href":"https:\/\/devidion.hu\/index.php\/wp-json\/wp\/v2\/pages\/118\/revisions"}],"predecessor-version":[{"id":271,"href":"https:\/\/devidion.hu\/index.php\/wp-json\/wp\/v2\/pages\/118\/revisions\/271"}],"wp:attachment":[{"href":"https:\/\/devidion.hu\/index.php\/wp-json\/wp\/v2\/media?parent=118"}],"curies":[{"name":"wp","href":"https:\/\/api.w.org\/{rel}","templated":true}]}}