{"id":117,"date":"2022-04-17T08:43:57","date_gmt":"2022-04-17T08:43:57","guid":{"rendered":"https:\/\/devidion.hu\/?page_id=117"},"modified":"2022-05-06T20:24:11","modified_gmt":"2022-05-06T20:24:11","slug":"gyaravato-unnepseg","status":"publish","type":"page","link":"https:\/\/devidion.hu\/index.php\/gyaravato-unnepseg\/","title":{"rendered":"Gy\u00e1ravat\u00f3 \u00fcnneps\u00e9g"},"content":{"rendered":"\n<figure class=\"wp-block-image size-large\"><img loading=\"lazy\" width=\"1024\" height=\"683\" src=\"https:\/\/devidion.hu\/wp-content\/uploads\/2022\/04\/Gya\u0301ravato\u0301-referencia-1024x683.jpg\" alt=\"\" class=\"wp-image-154\" srcset=\"https:\/\/devidion.hu\/wp-content\/uploads\/2022\/04\/Gya\u0301ravato\u0301-referencia-1024x683.jpg 1024w, https:\/\/devidion.hu\/wp-content\/uploads\/2022\/04\/Gya\u0301ravato\u0301-referencia-300x200.jpg 300w, https:\/\/devidion.hu\/wp-content\/uploads\/2022\/04\/Gya\u0301ravato\u0301-referencia-768x512.jpg 768w, https:\/\/devidion.hu\/wp-content\/uploads\/2022\/04\/Gya\u0301ravato\u0301-referencia-1536x1024.jpg 1536w, https:\/\/devidion.hu\/wp-content\/uploads\/2022\/04\/Gya\u0301ravato\u0301-referencia-2048x1365.jpg 2048w\" sizes=\"(max-width: 1024px) 100vw, 1024px\" \/><\/figure>\n\n\n\n<figure class=\"wp-block-image size-large\"><img loading=\"lazy\" width=\"1024\" height=\"683\" src=\"https:\/\/devidion.hu\/wp-content\/uploads\/2022\/04\/referencia-ke\u0301p-gya\u0301ravato\u0301-1-1024x683.jpg\" alt=\"\" class=\"wp-image-209\" srcset=\"https:\/\/devidion.hu\/wp-content\/uploads\/2022\/04\/referencia-ke\u0301p-gya\u0301ravato\u0301-1-1024x683.jpg 1024w, https:\/\/devidion.hu\/wp-content\/uploads\/2022\/04\/referencia-ke\u0301p-gya\u0301ravato\u0301-1-300x200.jpg 300w, https:\/\/devidion.hu\/wp-content\/uploads\/2022\/04\/referencia-ke\u0301p-gya\u0301ravato\u0301-1-768x512.jpg 768w, https:\/\/devidion.hu\/wp-content\/uploads\/2022\/04\/referencia-ke\u0301p-gya\u0301ravato\u0301-1-1536x1024.jpg 1536w, https:\/\/devidion.hu\/wp-content\/uploads\/2022\/04\/referencia-ke\u0301p-gya\u0301ravato\u0301-1-2048x1365.jpg 2048w\" sizes=\"(max-width: 1024px) 100vw, 1024px\" \/><\/figure>\n\n\n\n<figure class=\"wp-block-image size-large\"><img loading=\"lazy\" width=\"1024\" height=\"683\" src=\"https:\/\/devidion.hu\/wp-content\/uploads\/2022\/04\/referencia-ke\u0301p-2-1024x683.jpg\" alt=\"\" class=\"wp-image-212\" srcset=\"https:\/\/devidion.hu\/wp-content\/uploads\/2022\/04\/referencia-ke\u0301p-2-1024x683.jpg 1024w, https:\/\/devidion.hu\/wp-content\/uploads\/2022\/04\/referencia-ke\u0301p-2-300x200.jpg 300w, https:\/\/devidion.hu\/wp-content\/uploads\/2022\/04\/referencia-ke\u0301p-2-768x512.jpg 768w, https:\/\/devidion.hu\/wp-content\/uploads\/2022\/04\/referencia-ke\u0301p-2-1536x1024.jpg 1536w, https:\/\/devidion.hu\/wp-content\/uploads\/2022\/04\/referencia-ke\u0301p-2-2048x1365.jpg 2048w\" sizes=\"(max-width: 1024px) 100vw, 1024px\" \/><\/figure>\n\n\n\n<figure class=\"wp-block-image size-large\"><img loading=\"lazy\" width=\"1024\" height=\"687\" src=\"http:\/\/devidion.hu\/wp-content\/uploads\/2022\/05\/BU\u0308RKLE-ke\u0301pek-1024x687.jpg\" alt=\"\" class=\"wp-image-275\" srcset=\"https:\/\/devidion.hu\/wp-content\/uploads\/2022\/05\/BU\u0308RKLE-ke\u0301pek-1024x687.jpg 1024w, https:\/\/devidion.hu\/wp-content\/uploads\/2022\/05\/BU\u0308RKLE-ke\u0301pek-300x201.jpg 300w, https:\/\/devidion.hu\/wp-content\/uploads\/2022\/05\/BU\u0308RKLE-ke\u0301pek-768x515.jpg 768w, https:\/\/devidion.hu\/wp-content\/uploads\/2022\/05\/BU\u0308RKLE-ke\u0301pek-1536x1030.jpg 1536w, https:\/\/devidion.hu\/wp-content\/uploads\/2022\/05\/BU\u0308RKLE-ke\u0301pek-2048x1373.jpg 2048w\" sizes=\"(max-width: 1024px) 100vw, 1024px\" \/><\/figure>\n\n\n\n<figure class=\"wp-block-image size-large\"><img loading=\"lazy\" width=\"1024\" height=\"683\" src=\"http:\/\/devidion.hu\/wp-content\/uploads\/2022\/05\/20220428-bu\u0308rkle-KA_41-1024x683.jpg\" alt=\"\" class=\"wp-image-277\" srcset=\"https:\/\/devidion.hu\/wp-content\/uploads\/2022\/05\/20220428-bu\u0308rkle-KA_41-1024x683.jpg 1024w, https:\/\/devidion.hu\/wp-content\/uploads\/2022\/05\/20220428-bu\u0308rkle-KA_41-300x200.jpg 300w, https:\/\/devidion.hu\/wp-content\/uploads\/2022\/05\/20220428-bu\u0308rkle-KA_41-768x512.jpg 768w, https:\/\/devidion.hu\/wp-content\/uploads\/2022\/05\/20220428-bu\u0308rkle-KA_41-1536x1024.jpg 1536w, https:\/\/devidion.hu\/wp-content\/uploads\/2022\/05\/20220428-bu\u0308rkle-KA_41-2048x1365.jpg 2048w\" sizes=\"(max-width: 1024px) 100vw, 1024px\" \/><\/figure>\n\n\n\n<figure class=\"wp-block-image size-large\"><img loading=\"lazy\" width=\"1024\" height=\"683\" src=\"http:\/\/devidion.hu\/wp-content\/uploads\/2022\/05\/20220428-bu\u0308rkle-KA_2-1024x683.jpg\" alt=\"\" class=\"wp-image-279\" srcset=\"https:\/\/devidion.hu\/wp-content\/uploads\/2022\/05\/20220428-bu\u0308rkle-KA_2-1024x683.jpg 1024w, https:\/\/devidion.hu\/wp-content\/uploads\/2022\/05\/20220428-bu\u0308rkle-KA_2-300x200.jpg 300w, https:\/\/devidion.hu\/wp-content\/uploads\/2022\/05\/20220428-bu\u0308rkle-KA_2-768x512.jpg 768w, https:\/\/devidion.hu\/wp-content\/uploads\/2022\/05\/20220428-bu\u0308rkle-KA_2-1536x1024.jpg 1536w, https:\/\/devidion.hu\/wp-content\/uploads\/2022\/05\/20220428-bu\u0308rkle-KA_2-2048x1365.jpg 2048w\" sizes=\"(max-width: 1024px) 100vw, 1024px\" \/><\/figure>\n\n\n\n<figure class=\"wp-block-image size-large\"><img loading=\"lazy\" width=\"1024\" height=\"677\" src=\"http:\/\/devidion.hu\/wp-content\/uploads\/2022\/05\/20220428-bu\u0308rkle-KA_38-1024x677.jpg\" alt=\"\" class=\"wp-image-280\" srcset=\"https:\/\/devidion.hu\/wp-content\/uploads\/2022\/05\/20220428-bu\u0308rkle-KA_38-1024x677.jpg 1024w, https:\/\/devidion.hu\/wp-content\/uploads\/2022\/05\/20220428-bu\u0308rkle-KA_38-300x198.jpg 300w, https:\/\/devidion.hu\/wp-content\/uploads\/2022\/05\/20220428-bu\u0308rkle-KA_38-768x507.jpg 768w, https:\/\/devidion.hu\/wp-content\/uploads\/2022\/05\/20220428-bu\u0308rkle-KA_38-1536x1015.jpg 1536w, https:\/\/devidion.hu\/wp-content\/uploads\/2022\/05\/20220428-bu\u0308rkle-KA_38-2048x1353.jpg 2048w\" sizes=\"(max-width: 1024px) 100vw, 1024px\" \/><\/figure>\n","protected":false},"excerpt":{"rendered":"","protected":false},"author":1,"featured_media":0,"parent":0,"menu_order":0,"comment_status":"closed","ping_status":"closed","template":"","meta":[],"_links":{"self":[{"href":"https:\/\/devidion.hu\/index.php\/wp-json\/wp\/v2\/pages\/117"}],"collection":[{"href":"https:\/\/devidion.hu\/index.php\/wp-json\/wp\/v2\/pages"}],"about":[{"href":"https:\/\/devidion.hu\/index.php\/wp-json\/wp\/v2\/types\/page"}],"author":[{"embeddable":true,"href":"https:\/\/devidion.hu\/index.php\/wp-json\/wp\/v2\/users\/1"}],"replies":[{"embeddable":true,"href":"https:\/\/devidion.hu\/index.php\/wp-json\/wp\/v2\/comments?post=117"}],"version-history":[{"count":10,"href":"https:\/\/devidion.hu\/index.php\/wp-json\/wp\/v2\/pages\/117\/revisions"}],"predecessor-version":[{"id":283,"href":"https:\/\/devidion.hu\/index.php\/wp-json\/wp\/v2\/pages\/117\/revisions\/283"}],"wp:attachment":[{"href":"https:\/\/devidion.hu\/index.php\/wp-json\/wp\/v2\/media?parent=117"}],"curies":[{"name":"wp","href":"https:\/\/api.w.org\/{rel}","templated":true}]}}